{"id":5726,"date":"2026-01-14T15:25:04","date_gmt":"2026-01-14T07:25:04","guid":{"rendered":"https:\/\/en.ntsquare.com\/?page_id=5726"},"modified":"2026-01-26T14:47:41","modified_gmt":"2026-01-26T06:47:41","slug":"tunel-dondurucu-lp","status":"publish","type":"page","link":"https:\/\/en.ntsquare.com\/tr\/tunnel-freezer-lp\/","title":{"rendered":"T\u00fcnel Dondurucu"},"content":{"rendered":"","protected":false},"excerpt":{"rendered":"","protected":false},"author":2,"featured_media":0,"parent":0,"menu_order":0,"comment_status":"closed","ping_status":"closed","template":"","meta":{"_acf_changed":false,"_seopress_robots_primary_cat":"","_seopress_titles_title":"","_seopress_titles_desc":"","_seopress_robots_index":"","slim_seo":{"title":"T\u00fcnel Dondurucu - Kare Teknoloji","description":"T\u00fcnel Dondurucu End\u00fcstriyel bir t\u00fcnel dondurucu ve g\u0131da i\u015fleme t\u00fcnel dondurucu \u00fcreticisi olarak, et, k\u00fcmes hayvanlar\u0131, deniz \u00fcr\u00fcnleri, sebze, f\u0131r\u0131nc\u0131l\u0131k ve haz\u0131r m"},"footnotes":""},"class_list":["post-5726","page","type-page","status-publish","hentry"],"acf":[],"_links":{"self":[{"href":"https:\/\/en.ntsquare.com\/tr\/wp-json\/wp\/v2\/pages\/5726","targetHints":{"allow":["GET"]}}],"collection":[{"href":"https:\/\/en.ntsquare.com\/tr\/wp-json\/wp\/v2\/pages"}],"about":[{"href":"https:\/\/en.ntsquare.com\/tr\/wp-json\/wp\/v2\/types\/page"}],"author":[{"embeddable":true,"href":"https:\/\/en.ntsquare.com\/tr\/wp-json\/wp\/v2\/users\/2"}],"replies":[{"embeddable":true,"href":"https:\/\/en.ntsquare.com\/tr\/wp-json\/wp\/v2\/comments?post=5726"}],"version-history":[{"count":98,"href":"https:\/\/en.ntsquare.com\/tr\/wp-json\/wp\/v2\/pages\/5726\/revisions"}],"predecessor-version":[{"id":5865,"href":"https:\/\/en.ntsquare.com\/tr\/wp-json\/wp\/v2\/pages\/5726\/revisions\/5865"}],"wp:attachment":[{"href":"https:\/\/en.ntsquare.com\/tr\/wp-json\/wp\/v2\/media?parent=5726"}],"curies":[{"name":"wp","href":"https:\/\/api.w.org\/{rel}","templated":true}]}}