{"id":14,"date":"2023-07-16T13:45:37","date_gmt":"2023-07-16T05:45:37","guid":{"rendered":"https:\/\/en.ntsquare.com\/?page_id=14"},"modified":"2026-03-11T14:30:53","modified_gmt":"2026-03-11T06:30:53","slug":"contacto","status":"publish","type":"page","link":"https:\/\/en.ntsquare.com\/pt\/contact\/","title":{"rendered":"Contacto"},"content":{"rendered":"","protected":false},"excerpt":{"rendered":"","protected":false},"author":1,"featured_media":0,"parent":0,"menu_order":0,"comment_status":"closed","ping_status":"closed","template":"","meta":{"_acf_changed":false,"_seopress_robots_primary_cat":"","_seopress_titles_title":"Contact Us | Square Technology","_seopress_titles_desc":"Get in touch with Square Tech for inquiries, support, and collaborations. We&#039;re here to assist you with your needs.","_seopress_robots_index":"","slim_seo":{"title":"Contact - Square Technology","description":"Contacto Solu\u00e7\u00f5es profissionais personalizadas para a cadeia de frio Personalize uma solu\u00e7\u00e3o \u00fanica para a cadeia de frio que satisfa\u00e7a os seus requisitos. Servi\u00e7o de resposta Dispon\u00edvel 24\/7 e"},"footnotes":""},"class_list":["post-14","page","type-page","status-publish","hentry"],"acf":[],"_links":{"self":[{"href":"https:\/\/en.ntsquare.com\/pt\/wp-json\/wp\/v2\/pages\/14","targetHints":{"allow":["GET"]}}],"collection":[{"href":"https:\/\/en.ntsquare.com\/pt\/wp-json\/wp\/v2\/pages"}],"about":[{"href":"https:\/\/en.ntsquare.com\/pt\/wp-json\/wp\/v2\/types\/page"}],"author":[{"embeddable":true,"href":"https:\/\/en.ntsquare.com\/pt\/wp-json\/wp\/v2\/users\/1"}],"replies":[{"embeddable":true,"href":"https:\/\/en.ntsquare.com\/pt\/wp-json\/wp\/v2\/comments?post=14"}],"version-history":[{"count":3,"href":"https:\/\/en.ntsquare.com\/pt\/wp-json\/wp\/v2\/pages\/14\/revisions"}],"predecessor-version":[{"id":5920,"href":"https:\/\/en.ntsquare.com\/pt\/wp-json\/wp\/v2\/pages\/14\/revisions\/5920"}],"wp:attachment":[{"href":"https:\/\/en.ntsquare.com\/pt\/wp-json\/wp\/v2\/media?parent=14"}],"curies":[{"name":"wp","href":"https:\/\/api.w.org\/{rel}","templated":true}]}}