{"id":4663,"date":"2025-01-14T09:44:54","date_gmt":"2025-01-14T01:44:54","guid":{"rendered":"https:\/\/en.ntsquare.com\/?page_id=4663"},"modified":"2026-03-09T18:13:28","modified_gmt":"2026-03-09T10:13:28","slug":"planifier-une-reunion","status":"publish","type":"page","link":"https:\/\/en.ntsquare.com\/fr\/schedul-a-meeting\/","title":{"rendered":"Planifier une r\u00e9union"},"content":{"rendered":"","protected":false},"excerpt":{"rendered":"","protected":false},"author":1,"featured_media":0,"parent":0,"menu_order":0,"comment_status":"closed","ping_status":"closed","template":"","meta":{"_acf_changed":false,"_seopress_robots_primary_cat":"","_seopress_titles_title":"","_seopress_titles_desc":"","_seopress_robots_index":"yes","slim_seo":{"title":"Planifier une r\u00e9union - Square Technology","description":"R\u00e9servez votre r\u00e9union avec Square S\u00e9curisez votre r\u00e9union Time Square est un leader mondial de la cong\u00e9lation en spirale et le plus grand fabricant en Chine. Nous sommes une soci\u00e9t\u00e9 cot\u00e9e en bourse."},"footnotes":""},"class_list":["post-4663","page","type-page","status-publish","hentry"],"acf":[],"_links":{"self":[{"href":"https:\/\/en.ntsquare.com\/fr\/wp-json\/wp\/v2\/pages\/4663","targetHints":{"allow":["GET"]}}],"collection":[{"href":"https:\/\/en.ntsquare.com\/fr\/wp-json\/wp\/v2\/pages"}],"about":[{"href":"https:\/\/en.ntsquare.com\/fr\/wp-json\/wp\/v2\/types\/page"}],"author":[{"embeddable":true,"href":"https:\/\/en.ntsquare.com\/fr\/wp-json\/wp\/v2\/users\/1"}],"replies":[{"embeddable":true,"href":"https:\/\/en.ntsquare.com\/fr\/wp-json\/wp\/v2\/comments?post=4663"}],"version-history":[{"count":9,"href":"https:\/\/en.ntsquare.com\/fr\/wp-json\/wp\/v2\/pages\/4663\/revisions"}],"predecessor-version":[{"id":5902,"href":"https:\/\/en.ntsquare.com\/fr\/wp-json\/wp\/v2\/pages\/4663\/revisions\/5902"}],"wp:attachment":[{"href":"https:\/\/en.ntsquare.com\/fr\/wp-json\/wp\/v2\/media?parent=4663"}],"curies":[{"name":"wp","href":"https:\/\/api.w.org\/{rel}","templated":true}]}}