{"id":2318,"date":"2023-12-22T10:22:44","date_gmt":"2023-12-22T02:22:44","guid":{"rendered":"https:\/\/en.ntsquare.com\/?page_id=2318"},"modified":"2025-08-04T14:05:16","modified_gmt":"2025-08-04T06:05:16","slug":"congelateur-en-spirale","status":"publish","type":"page","link":"https:\/\/en.ntsquare.com\/fr\/spiral-freezer\/","title":{"rendered":"Cong\u00e9lateur en spirale"},"content":{"rendered":"","protected":false},"excerpt":{"rendered":"","protected":false},"author":1,"featured_media":0,"parent":0,"menu_order":0,"comment_status":"closed","ping_status":"closed","template":"","meta":{"_acf_changed":false,"_seopress_robots_primary_cat":"","_seopress_titles_title":"Square spiral freezers","_seopress_titles_desc":"Square spiral freezers are capable of freezing up to 7 tons per hour, and the use of dual horizontal airflow helps to reduce operating costs, and dwell time and increase the yield. A customized conveyor belt allows maximum productivity.","_seopress_robots_index":"","slim_seo":{"title":"Cong\u00e9lateur en spirale - Technologie carr\u00e9e","description":"Cong\u00e9lateur en spirale Les cong\u00e9lateurs en spirale Square sont capables de congeler jusqu'\u00e0 7 tonnes par heure, et l'utilisation d'un double flux d'air horizontal permet de r\u00e9duire les co\u00fbts d'exploitation."},"footnotes":""},"class_list":["post-2318","page","type-page","status-publish","hentry"],"acf":[],"_links":{"self":[{"href":"https:\/\/en.ntsquare.com\/fr\/wp-json\/wp\/v2\/pages\/2318","targetHints":{"allow":["GET"]}}],"collection":[{"href":"https:\/\/en.ntsquare.com\/fr\/wp-json\/wp\/v2\/pages"}],"about":[{"href":"https:\/\/en.ntsquare.com\/fr\/wp-json\/wp\/v2\/types\/page"}],"author":[{"embeddable":true,"href":"https:\/\/en.ntsquare.com\/fr\/wp-json\/wp\/v2\/users\/1"}],"replies":[{"embeddable":true,"href":"https:\/\/en.ntsquare.com\/fr\/wp-json\/wp\/v2\/comments?post=2318"}],"version-history":[{"count":1,"href":"https:\/\/en.ntsquare.com\/fr\/wp-json\/wp\/v2\/pages\/2318\/revisions"}],"predecessor-version":[{"id":4941,"href":"https:\/\/en.ntsquare.com\/fr\/wp-json\/wp\/v2\/pages\/2318\/revisions\/4941"}],"wp:attachment":[{"href":"https:\/\/en.ntsquare.com\/fr\/wp-json\/wp\/v2\/media?parent=2318"}],"curies":[{"name":"wp","href":"https:\/\/api.w.org\/{rel}","templated":true}]}}