{"id":14,"date":"2023-07-16T13:45:37","date_gmt":"2023-07-16T05:45:37","guid":{"rendered":"https:\/\/en.ntsquare.com\/?page_id=14"},"modified":"2026-03-11T14:30:53","modified_gmt":"2026-03-11T06:30:53","slug":"contact","status":"publish","type":"page","link":"https:\/\/en.ntsquare.com\/fr\/contact\/","title":{"rendered":"Contact"},"content":{"rendered":"","protected":false},"excerpt":{"rendered":"","protected":false},"author":1,"featured_media":0,"parent":0,"menu_order":0,"comment_status":"closed","ping_status":"closed","template":"","meta":{"_acf_changed":false,"_seopress_robots_primary_cat":"","_seopress_titles_title":"Contact Us | Square Technology","_seopress_titles_desc":"Get in touch with Square Tech for inquiries, support, and collaborations. We&#039;re here to assist you with your needs.","_seopress_robots_index":"","slim_seo":{"title":"Contact - Square Technology","description":"Contact Solutions professionnelles personnalis\u00e9es pour la cha\u00eene du froid Personnalisez une solution unique pour la cha\u00eene du froid qui r\u00e9ponde \u00e0 vos besoins. Un service r\u00e9actif Disponible 24 heures sur 24 et 7 jours sur 7"},"footnotes":""},"class_list":["post-14","page","type-page","status-publish","hentry"],"acf":[],"_links":{"self":[{"href":"https:\/\/en.ntsquare.com\/fr\/wp-json\/wp\/v2\/pages\/14","targetHints":{"allow":["GET"]}}],"collection":[{"href":"https:\/\/en.ntsquare.com\/fr\/wp-json\/wp\/v2\/pages"}],"about":[{"href":"https:\/\/en.ntsquare.com\/fr\/wp-json\/wp\/v2\/types\/page"}],"author":[{"embeddable":true,"href":"https:\/\/en.ntsquare.com\/fr\/wp-json\/wp\/v2\/users\/1"}],"replies":[{"embeddable":true,"href":"https:\/\/en.ntsquare.com\/fr\/wp-json\/wp\/v2\/comments?post=14"}],"version-history":[{"count":3,"href":"https:\/\/en.ntsquare.com\/fr\/wp-json\/wp\/v2\/pages\/14\/revisions"}],"predecessor-version":[{"id":5920,"href":"https:\/\/en.ntsquare.com\/fr\/wp-json\/wp\/v2\/pages\/14\/revisions\/5920"}],"wp:attachment":[{"href":"https:\/\/en.ntsquare.com\/fr\/wp-json\/wp\/v2\/media?parent=14"}],"curies":[{"name":"wp","href":"https:\/\/api.w.org\/{rel}","templated":true}]}}