{"id":85,"date":"2023-11-08T15:10:12","date_gmt":"2023-11-08T07:10:12","guid":{"rendered":"https:\/\/en.ntsquare.com\/?page_id=85"},"modified":"2024-03-22T11:03:19","modified_gmt":"2024-03-22T03:03:19","slug":"hitos","status":"publish","type":"page","link":"https:\/\/en.ntsquare.com\/es\/milestones\/","title":{"rendered":"Hitos"},"content":{"rendered":"","protected":false},"excerpt":{"rendered":"","protected":false},"author":1,"featured_media":0,"parent":0,"menu_order":0,"comment_status":"closed","ping_status":"closed","template":"","meta":{"_acf_changed":false,"_seopress_robots_primary_cat":"","_seopress_titles_title":"Milestones | Square Technology","_seopress_titles_desc":"Learn about the significant achievements and milestones in Square Tech&#039;s journey. Follow our progress and growth over the years.","_seopress_robots_index":"","slim_seo":{"title":"Milestones - Square Technology","description":"Hitos sobre la fabricaci\u00f3n integrada verticalmente e innovaci\u00f3n Hitos tecnol\u00f3gicos de Square Technology Hitos tecnol\u00f3gicos de Square Technology 1986 1986 Fundaci\u00f3n de Square Technology"},"footnotes":""},"class_list":["post-85","page","type-page","status-publish","hentry"],"acf":[],"_links":{"self":[{"href":"https:\/\/en.ntsquare.com\/es\/wp-json\/wp\/v2\/pages\/85","targetHints":{"allow":["GET"]}}],"collection":[{"href":"https:\/\/en.ntsquare.com\/es\/wp-json\/wp\/v2\/pages"}],"about":[{"href":"https:\/\/en.ntsquare.com\/es\/wp-json\/wp\/v2\/types\/page"}],"author":[{"embeddable":true,"href":"https:\/\/en.ntsquare.com\/es\/wp-json\/wp\/v2\/users\/1"}],"replies":[{"embeddable":true,"href":"https:\/\/en.ntsquare.com\/es\/wp-json\/wp\/v2\/comments?post=85"}],"version-history":[{"count":0,"href":"https:\/\/en.ntsquare.com\/es\/wp-json\/wp\/v2\/pages\/85\/revisions"}],"wp:attachment":[{"href":"https:\/\/en.ntsquare.com\/es\/wp-json\/wp\/v2\/media?parent=85"}],"curies":[{"name":"wp","href":"https:\/\/api.w.org\/{rel}","templated":true}]}}