{"id":84,"date":"2023-11-08T15:10:12","date_gmt":"2023-11-08T07:10:12","guid":{"rendered":"https:\/\/en.ntsquare.com\/?page_id=84"},"modified":"2024-03-22T11:02:26","modified_gmt":"2024-03-22T03:02:26","slug":"innovation","status":"publish","type":"page","link":"https:\/\/en.ntsquare.com\/es\/innovation\/","title":{"rendered":"Innovaci\u00f3n"},"content":{"rendered":"","protected":false},"excerpt":{"rendered":"","protected":false},"author":1,"featured_media":0,"parent":0,"menu_order":0,"comment_status":"closed","ping_status":"closed","template":"","meta":{"_acf_changed":false,"_seopress_robots_primary_cat":"","_seopress_titles_title":"Innovation | Square Technology","_seopress_titles_desc":"Explore the latest innovations and advancements at Square. Discover how we&#039;re shaping the future with groundbreaking technologies.","_seopress_robots_index":"","slim_seo":{"title":"Innovaci\u00f3n - Square Technology","description":"Innovaci\u00f3n sobre la fabricaci\u00f3n integrada verticalmente e innovaci\u00f3n Hitos tecnol\u00f3gicos de Square Fabricaci\u00f3n ajustada Redactor clave de 3 normas nacionales \/ Co-redactor"},"footnotes":""},"class_list":["post-84","page","type-page","status-publish","hentry"],"acf":[],"_links":{"self":[{"href":"https:\/\/en.ntsquare.com\/es\/wp-json\/wp\/v2\/pages\/84","targetHints":{"allow":["GET"]}}],"collection":[{"href":"https:\/\/en.ntsquare.com\/es\/wp-json\/wp\/v2\/pages"}],"about":[{"href":"https:\/\/en.ntsquare.com\/es\/wp-json\/wp\/v2\/types\/page"}],"author":[{"embeddable":true,"href":"https:\/\/en.ntsquare.com\/es\/wp-json\/wp\/v2\/users\/1"}],"replies":[{"embeddable":true,"href":"https:\/\/en.ntsquare.com\/es\/wp-json\/wp\/v2\/comments?post=84"}],"version-history":[{"count":0,"href":"https:\/\/en.ntsquare.com\/es\/wp-json\/wp\/v2\/pages\/84\/revisions"}],"wp:attachment":[{"href":"https:\/\/en.ntsquare.com\/es\/wp-json\/wp\/v2\/media?parent=84"}],"curies":[{"name":"wp","href":"https:\/\/api.w.org\/{rel}","templated":true}]}}