{"id":2,"date":"2023-07-16T05:13:56","date_gmt":"2023-07-16T05:13:56","guid":{"rendered":"https:\/\/en.ntsquare.com\/?page_id=2"},"modified":"2025-05-24T21:22:29","modified_gmt":"2025-05-24T13:22:29","slug":"sample-page","status":"publish","type":"page","link":"https:\/\/en.ntsquare.com\/es\/","title":{"rendered":"Inicio"},"content":{"rendered":"","protected":false},"excerpt":{"rendered":"","protected":false},"author":1,"featured_media":0,"parent":0,"menu_order":0,"comment_status":"closed","ping_status":"open","template":"","meta":{"_acf_changed":false,"_seopress_robots_primary_cat":"","_seopress_titles_title":"The No.1 Spiral Freezer Manufacturer in China %%sep%% Square","_seopress_titles_desc":"Square, China\u2019s No.1 and one of the world's largest IQF freezer manufacturers, listed on the Shanghai Stock Exchange since 2016.","_seopress_robots_index":"","slim_seo":{"title":"Tecnolog\u00eda cuadrada","description":"Square, el fabricante n\u00famero uno de congeladores en espiral en China, el n\u00famero uno de China y uno de los fabricantes m\u00e1s grandes de congeladores IQF del mundo, cotiza en la Bolsa de Valores de Shanghai."},"footnotes":""},"class_list":["post-2","page","type-page","status-publish","hentry"],"acf":[],"_links":{"self":[{"href":"https:\/\/en.ntsquare.com\/es\/wp-json\/wp\/v2\/pages\/2","targetHints":{"allow":["GET"]}}],"collection":[{"href":"https:\/\/en.ntsquare.com\/es\/wp-json\/wp\/v2\/pages"}],"about":[{"href":"https:\/\/en.ntsquare.com\/es\/wp-json\/wp\/v2\/types\/page"}],"author":[{"embeddable":true,"href":"https:\/\/en.ntsquare.com\/es\/wp-json\/wp\/v2\/users\/1"}],"replies":[{"embeddable":true,"href":"https:\/\/en.ntsquare.com\/es\/wp-json\/wp\/v2\/comments?post=2"}],"version-history":[{"count":4,"href":"https:\/\/en.ntsquare.com\/es\/wp-json\/wp\/v2\/pages\/2\/revisions"}],"predecessor-version":[{"id":4950,"href":"https:\/\/en.ntsquare.com\/es\/wp-json\/wp\/v2\/pages\/2\/revisions\/4950"}],"wp:attachment":[{"href":"https:\/\/en.ntsquare.com\/es\/wp-json\/wp\/v2\/media?parent=2"}],"curies":[{"name":"wp","href":"https:\/\/api.w.org\/{rel}","templated":true}]}}