{"id":10,"date":"2023-07-16T13:45:08","date_gmt":"2023-07-16T05:45:08","guid":{"rendered":"https:\/\/en.ntsquare.com\/?page_id=10"},"modified":"2026-03-11T14:28:37","modified_gmt":"2026-03-11T06:28:37","slug":"acerca-de","status":"publish","type":"page","link":"https:\/\/en.ntsquare.com\/es\/about\/","title":{"rendered":"Acerca de"},"content":{"rendered":"","protected":false},"excerpt":{"rendered":"","protected":false},"author":1,"featured_media":0,"parent":0,"menu_order":0,"comment_status":"closed","ping_status":"closed","template":"","meta":{"_acf_changed":false,"_seopress_robots_primary_cat":"","_seopress_titles_title":"About Square | Freezing &amp; Heating Mechanical Equipment","_seopress_titles_desc":"Square company has been manufacturing freezing systems for over 30 years and is the largest industrial freezer manufacturer in the China.","_seopress_robots_index":"","slim_seo":{"title":"Acerca de - Square Technology","description":"Acerca de Fabricaci\u00f3n verticalmente integrada e innovaci\u00f3n Hitos de Square Technology Introducci\u00f3n de Square Technology Group Co. Ltd (anteriormente Nantong"},"footnotes":""},"class_list":["post-10","page","type-page","status-publish","hentry"],"acf":[],"_links":{"self":[{"href":"https:\/\/en.ntsquare.com\/es\/wp-json\/wp\/v2\/pages\/10","targetHints":{"allow":["GET"]}}],"collection":[{"href":"https:\/\/en.ntsquare.com\/es\/wp-json\/wp\/v2\/pages"}],"about":[{"href":"https:\/\/en.ntsquare.com\/es\/wp-json\/wp\/v2\/types\/page"}],"author":[{"embeddable":true,"href":"https:\/\/en.ntsquare.com\/es\/wp-json\/wp\/v2\/users\/1"}],"replies":[{"embeddable":true,"href":"https:\/\/en.ntsquare.com\/es\/wp-json\/wp\/v2\/comments?post=10"}],"version-history":[{"count":2,"href":"https:\/\/en.ntsquare.com\/es\/wp-json\/wp\/v2\/pages\/10\/revisions"}],"predecessor-version":[{"id":5919,"href":"https:\/\/en.ntsquare.com\/es\/wp-json\/wp\/v2\/pages\/10\/revisions\/5919"}],"wp:attachment":[{"href":"https:\/\/en.ntsquare.com\/es\/wp-json\/wp\/v2\/media?parent=10"}],"curies":[{"name":"wp","href":"https:\/\/api.w.org\/{rel}","templated":true}]}}